{"id":375,"date":"2018-08-30T15:04:09","date_gmt":"2018-08-30T19:04:09","guid":{"rendered":"https:\/\/bilel2.dev.mywhc.ca\/\/\/?page_id=375"},"modified":"2018-09-05T10:55:35","modified_gmt":"2018-09-05T14:55:35","slug":"page-dexemple","status":"publish","type":"page","link":"https:\/\/bilel2.dev.mywhc.ca\/fr\/page-dexemple\/","title":{"rendered":"Page d&#8217;exemple"},"content":{"rendered":"<p>Ceci est une page d&#8217;exemple. C&#8217;est diff\u00e9rent d&#8217;un billet de blog parce qu&#8217;il restera au m\u00eame endroit et appara\u00eetra dans la navigation de votre site (dans la plupart des th\u00e8mes). La plupart des gens commencent par une page \u00c0 propos qui les pr\u00e9sente aux visiteurs potentiels du site. Il pourrait dire quelque chose comme ceci :<\/p>\n<blockquote><p>Salut ! Je suis un messager \u00e0 v\u00e9lo le jour, un acteur en herbe la nuit, et voici mon site web. J&#8217;habite \u00e0 Los Angeles, j&#8217;ai un grand chien nomm\u00e9 Jack, et j&#8217;aime les pi\u00f1a coladas. (Et se faire prendre sous la pluie.)<\/p><\/blockquote>\n<p>&#8230;.ou quelque chose comme ceci:<\/p>\n<blockquote><p>La soci\u00e9t\u00e9 XYZ Doohickey a \u00e9t\u00e9 fond\u00e9e en 1971, et fournit depuis lors des doohickeys de qualit\u00e9 au public. Situ\u00e9e \u00e0 Gotham City, XYZ emploie plus de 2 000 personnes et fait toutes sortes de choses g\u00e9niales pour la communaut\u00e9 de Gotham.<\/p><\/blockquote>\n<p>En tant que nouvel utilisateur de WordPress, vous devriez aller dans votre tableau de bord pour supprimer cette page et cr\u00e9er de nouvelles pages pour votre contenu. Amusez-vous bien !<\/p>","protected":false},"excerpt":{"rendered":"<p>Ceci est une page d&#8217;exemple. C&#8217;est diff\u00e9rent d&#8217;un billet de blog parce qu&#8217;il restera au m\u00eame endroit et appara\u00eetra dans la navigation de votre site (dans la plupart des th\u00e8mes). La plupart des gens commencent par une page \u00c0 propos qui les pr\u00e9sente aux visiteurs potentiels du site. Il pourrait dire quelque chose comme ceci [&hellip;]<\/p>\n","protected":false},"author":1,"featured_media":0,"parent":0,"menu_order":0,"comment_status":"closed","ping_status":"closed","template":"","meta":{"footnotes":""},"class_list":["post-375","page","type-page","status-publish","hentry"],"_links":{"self":[{"href":"https:\/\/bilel2.dev.mywhc.ca\/fr\/wp-json\/wp\/v2\/pages\/375","targetHints":{"allow":["GET"]}}],"collection":[{"href":"https:\/\/bilel2.dev.mywhc.ca\/fr\/wp-json\/wp\/v2\/pages"}],"about":[{"href":"https:\/\/bilel2.dev.mywhc.ca\/fr\/wp-json\/wp\/v2\/types\/page"}],"author":[{"embeddable":true,"href":"https:\/\/bilel2.dev.mywhc.ca\/fr\/wp-json\/wp\/v2\/users\/1"}],"replies":[{"embeddable":true,"href":"https:\/\/bilel2.dev.mywhc.ca\/fr\/wp-json\/wp\/v2\/comments?post=375"}],"version-history":[{"count":1,"href":"https:\/\/bilel2.dev.mywhc.ca\/fr\/wp-json\/wp\/v2\/pages\/375\/revisions"}],"predecessor-version":[{"id":376,"href":"https:\/\/bilel2.dev.mywhc.ca\/fr\/wp-json\/wp\/v2\/pages\/375\/revisions\/376"}],"wp:attachment":[{"href":"https:\/\/bilel2.dev.mywhc.ca\/fr\/wp-json\/wp\/v2\/media?parent=375"}],"curies":[{"name":"wp","href":"https:\/\/api.w.org\/{rel}","templated":true}]}}