{"id":344,"date":"2018-08-08T10:39:59","date_gmt":"2018-08-08T15:39:59","guid":{"rendered":"http:\/\/wpbilingual-staging.whc.ca\/?page_id=344"},"modified":"2018-08-08T10:45:15","modified_gmt":"2018-08-08T15:45:15","slug":"a-propos","status":"publish","type":"page","link":"https:\/\/bilel2.dev.mywhc.ca\/fr\/a-propos\/","title":{"rendered":"\u00c0 propos"},"content":{"rendered":"<h2><b>\u00e0 propos<\/b><\/h2>\n<p>\t\t\t\t\t\t\t\t\t\t<img loading=\"lazy\" decoding=\"async\" width=\"800\" height=\"809\" src=\"http:\/\/wpbilingual-staging.whc.ca\/wp-content\/uploads\/2018\/07\/img1-1.png\" alt=\"\" srcset=\"http:\/\/wpbilingual-staging.whc.ca\/wp-content\/uploads\/2018\/07\/img1-1.png 800w, http:\/\/wpbilingual-staging.whc.ca\/wp-content\/uploads\/2018\/07\/img1-1-297x300.png 297w, http:\/\/wpbilingual-staging.whc.ca\/wp-content\/uploads\/2018\/07\/img1-1-768x777.png 768w\" sizes=\"auto, (max-width: 800px) 100vw, 800px\" \/>\t\t\t\t\t\t\t\t\t\t\t<\/p>\n<h2>Quel est le r\u00f4le de votre entreprise?<\/h2>\n<p>Vous n&#8217;\u00eates pas n&#8217;importe qui, vous \u00eates la solution \u00e0 un probl\u00e8me! Il peut s&#8217;agir d&#8217;un probl\u00e8me de plomberie, d&#8217;un lancement d&#8217;une nouvelle mode cool ou de simples informations sur un sujet. Vous avez des raisons d&#8217;\u00eatre fier de vous et de votre entreprise, alors faites-le savoir au monde entier!<\/p>\n<h2>Qu&#8217;est-ce qui vous a men\u00e9 l\u00e0 o\u00f9 vous \u00eates aujourd&#8217;hui?<\/h2>\n<p>Vous avez une histoire et les gens veulent l&#8217;entendre! Savoir d&#8217;o\u00f9 vous venez aide les gens \u00e0 comprendre o\u00f9 vous allez. Quel que soit l&#8217;endroit d&#8217;o\u00f9 vous venez, il sera int\u00e9ressant de le faire savoir, c&#8217;est votre chance de prendre les visiteurs par leurs sentiments pour qu&#8217;ils puissent se dire &#8220;je peux comprendre&#8221; ou &#8220;Ouaouh, c&#8217;est impressionnant&#8221;.<\/p>\n<h2>Quelle \u00e9quipe!<\/h2>\n<p style=\"margin-bottom: 0cm;\">Que serait votre entreprise sans vous et les membres de votre \u00e9quipe ? Nulle part, parce que \u00e7a n&#8217;existerait pas ! Donnez \u00e0 votre \u00e9quipe la reconnaissance qu&#8217;elle m\u00e9rite. Ce sont les personnes avec qui vos clients traiteront et cela constitue un excellent argument de vente.<\/p>\n<p>\t\t\t\t\t\t\t\t\t\t<img loading=\"lazy\" decoding=\"async\" width=\"400\" height=\"400\" src=\"http:\/\/wpbilingual-staging.whc.ca\/wp-content\/uploads\/2018\/07\/ava4.png\" alt=\"\" srcset=\"http:\/\/wpbilingual-staging.whc.ca\/wp-content\/uploads\/2018\/07\/ava4.png 400w, http:\/\/wpbilingual-staging.whc.ca\/wp-content\/uploads\/2018\/07\/ava4-150x150.png 150w, http:\/\/wpbilingual-staging.whc.ca\/wp-content\/uploads\/2018\/07\/ava4-300x300.png 300w\" sizes=\"auto, (max-width: 400px) 100vw, 400px\" \/>\t\t\t\t\t\t\t\t\t\t\t<\/p>\n<h2>John Doe<\/h2>\n<p>\t\t\tFondateur et Directeur\t\t<\/p>\n<p>La force motrice derri\u00e8re tout \u00e7a. Le patron travaille dur et a des int\u00e9r\u00eats qui donnent un c\u00f4t\u00e9 personnel \u00e0 ce &#8220;commandant de bord&#8221;.<\/p>\n<p>\t\t\t\t\t\t\t\t\t\t<img loading=\"lazy\" decoding=\"async\" width=\"400\" height=\"400\" src=\"http:\/\/wpbilingual-staging.whc.ca\/wp-content\/uploads\/2018\/07\/ava1.png\" alt=\"\" srcset=\"http:\/\/wpbilingual-staging.whc.ca\/wp-content\/uploads\/2018\/07\/ava1.png 400w, http:\/\/wpbilingual-staging.whc.ca\/wp-content\/uploads\/2018\/07\/ava1-150x150.png 150w, http:\/\/wpbilingual-staging.whc.ca\/wp-content\/uploads\/2018\/07\/ava1-300x300.png 300w\" sizes=\"auto, (max-width: 400px) 100vw, 400px\" \/>\t\t\t\t\t\t\t\t\t\t\t<\/p>\n<h2>Jane Smith<\/h2>\n<p>\t\t\tExperte Professionnelle\t\t<\/p>\n<p>Une employ\u00e9e qui fait que la magie op\u00e8re. Cette personne n&#8217;est pas seulement un expert, mais elle comprend aussi les d\u00e9sirs et les besoins des clients.<\/p>\n<p>\t\t\t\t\t\t\t\t\t\t<img loading=\"lazy\" decoding=\"async\" width=\"400\" height=\"400\" src=\"http:\/\/wpbilingual-staging.whc.ca\/wp-content\/uploads\/2018\/07\/ava2.png\" alt=\"\" srcset=\"http:\/\/wpbilingual-staging.whc.ca\/wp-content\/uploads\/2018\/07\/ava2.png 400w, http:\/\/wpbilingual-staging.whc.ca\/wp-content\/uploads\/2018\/07\/ava2-150x150.png 150w, http:\/\/wpbilingual-staging.whc.ca\/wp-content\/uploads\/2018\/07\/ava2-300x300.png 300w\" sizes=\"auto, (max-width: 400px) 100vw, 400px\" \/>\t\t\t\t\t\t\t\t\t\t\t<\/p>\n<h2>Brian Johson<\/h2>\n<p>\t\t\tTechnicien de Surface\t\t<\/p>\n<p>Chaque membre de l&#8217;\u00e9quipe est important. Certains sont les h\u00e9ros m\u00e9connus de l&#8217;entreprise. Ils travaillent en coulisses pour que l&#8217;entreprise fonctionne dans les meilleures conditions!<\/p>\n<h2>Une vid\u00e9o sur l&#8217;entreprise, son quotidien ou quelque chose d&#8217;autre &#8220;\u00e0 notre sujet&#8221;.<\/h2>\n<p>\t\thttps:\/\/www.youtube.com\/watch?v=9uOETcuFjbE\t\t<\/p>\n<figure><img decoding=\"async\" src=\"http:\/\/wpbilingual-staging.whc.ca\/wp-content\/uploads\/elementor\/thumbs\/darkside-nu83m7ypemnbm1jsabl1wbs3fpf19ozke3ntsavjl4.png\" alt=\"darkside.png\" \/><\/figure>\n<figure><img decoding=\"async\" src=\"http:\/\/wpbilingual-staging.whc.ca\/wp-content\/uploads\/elementor\/thumbs\/zusman-nu83m7ypemnbm1jsabl1wbs3fpf19ozke3ntsavjl4.png\" alt=\"zusman.png\" \/><\/figure>\n<figure><img decoding=\"async\" src=\"http:\/\/wpbilingual-staging.whc.ca\/wp-content\/uploads\/elementor\/thumbs\/ARMOND-nu83m7ypemnbm1jsabl1wbs3fpf19ozke3ntsavjl4.png\" alt=\"ARMOND.png\" \/><\/figure>\n<figure><img decoding=\"async\" src=\"http:\/\/wpbilingual-staging.whc.ca\/wp-content\/uploads\/elementor\/thumbs\/larozse-nu83m7ypemnbm1jsabl1wbs3fpf19ozke3ntsavjl4.png\" alt=\"larozse.png\" \/><\/figure>\n<figure><img decoding=\"async\" src=\"http:\/\/wpbilingual-staging.whc.ca\/wp-content\/uploads\/elementor\/thumbs\/ECOCODE-nu83m7ypemnbm1jsabl1wbs3fpf19ozke3ntsavjl4.png\" alt=\"ECOCODE.png\" \/><\/figure>\n<figure><img decoding=\"async\" src=\"http:\/\/wpbilingual-staging.whc.ca\/wp-content\/uploads\/elementor\/thumbs\/BOLEIR-nu83m7ypemnbm1jsabl1wbs3fpf19ozke3ntsavjl4.png\" alt=\"BOLEIR.png\" \/><\/figure>\n<figure><img decoding=\"async\" src=\"http:\/\/wpbilingual-staging.whc.ca\/wp-content\/uploads\/elementor\/thumbs\/GEO-nu83m7ypemnbm1jsabl1wbs3fpf19ozke3ntsavjl4.png\" alt=\"GEO.png\" \/><\/figure>\n<figure><img decoding=\"async\" src=\"http:\/\/wpbilingual-staging.whc.ca\/wp-content\/uploads\/elementor\/thumbs\/x.venox_-nu83m7ypemnbm1jsabl1wbs3fpf19ozke3ntsavjl4.png\" alt=\"x.venox_.png\" \/><\/figure>\n<figure><img decoding=\"async\" src=\"http:\/\/wpbilingual-staging.whc.ca\/wp-content\/uploads\/elementor\/thumbs\/FIFTHFLOUR-nu83m7ypemnbm1jsabl1wbs3fpf19ozke3ntsavjl4.png\" alt=\"FIFTHFLOUR.png\" \/><\/figure>","protected":false},"excerpt":{"rendered":"<p>\u00e0 propos Quel est le r\u00f4le de votre entreprise? Vous n&#8217;\u00eates pas n&#8217;importe qui, vous \u00eates la solution \u00e0 un probl\u00e8me! Il peut s&#8217;agir d&#8217;un probl\u00e8me de plomberie, d&#8217;un lancement d&#8217;une nouvelle mode cool ou de simples informations sur un sujet. Vous avez des raisons d&#8217;\u00eatre fier de vous et de votre entreprise, alors faites-le [&hellip;]<\/p>\n","protected":false},"author":1,"featured_media":0,"parent":0,"menu_order":0,"comment_status":"closed","ping_status":"closed","template":"","meta":{"footnotes":""},"class_list":["post-344","page","type-page","status-publish","hentry"],"_links":{"self":[{"href":"https:\/\/bilel2.dev.mywhc.ca\/fr\/wp-json\/wp\/v2\/pages\/344","targetHints":{"allow":["GET"]}}],"collection":[{"href":"https:\/\/bilel2.dev.mywhc.ca\/fr\/wp-json\/wp\/v2\/pages"}],"about":[{"href":"https:\/\/bilel2.dev.mywhc.ca\/fr\/wp-json\/wp\/v2\/types\/page"}],"author":[{"embeddable":true,"href":"https:\/\/bilel2.dev.mywhc.ca\/fr\/wp-json\/wp\/v2\/users\/1"}],"replies":[{"embeddable":true,"href":"https:\/\/bilel2.dev.mywhc.ca\/fr\/wp-json\/wp\/v2\/comments?post=344"}],"version-history":[{"count":5,"href":"https:\/\/bilel2.dev.mywhc.ca\/fr\/wp-json\/wp\/v2\/pages\/344\/revisions"}],"predecessor-version":[{"id":350,"href":"https:\/\/bilel2.dev.mywhc.ca\/fr\/wp-json\/wp\/v2\/pages\/344\/revisions\/350"}],"wp:attachment":[{"href":"https:\/\/bilel2.dev.mywhc.ca\/fr\/wp-json\/wp\/v2\/media?parent=344"}],"curies":[{"name":"wp","href":"https:\/\/api.w.org\/{rel}","templated":true}]}}