{"id":306,"date":"2018-08-07T15:58:01","date_gmt":"2018-08-07T20:58:01","guid":{"rendered":"http:\/\/wpbilingual-staging.whc.ca\/?page_id=306"},"modified":"2018-08-08T10:24:26","modified_gmt":"2018-08-08T15:24:26","slug":"services-2","status":"publish","type":"page","link":"https:\/\/bilel2.dev.mywhc.ca\/fr\/services-2\/","title":{"rendered":"Services"},"content":{"rendered":"<h2><b>Services<\/b><\/h2>\n<figure><img loading=\"lazy\" decoding=\"async\" width=\"151\" height=\"151\" src=\"http:\/\/wpbilingual-staging.whc.ca\/wp-content\/uploads\/2018\/07\/icon-G_S.2.png\" alt=\"\" srcset=\"http:\/\/wpbilingual-staging.whc.ca\/wp-content\/uploads\/2018\/07\/icon-G_S.2.png 151w, http:\/\/wpbilingual-staging.whc.ca\/wp-content\/uploads\/2018\/07\/icon-G_S.2-150x150.png 150w\" sizes=\"auto, (max-width: 151px) 100vw, 151px\" \/><\/figure>\n<h2>Produits et services compl\u00e9mentaires ou distincts<\/h2>\n<p>Si vous n&#8217;avez que quelques produits ou services, alors cette page peut \u00eatre tout ce dont vous avez besoin. Cependant, si vous avez plusieurs services, alors cette premi\u00e8re page de services pourrait \u00eatre mieux utilis\u00e9e pour commencer \u00e0 cat\u00e9goriser les services ou les produits.<\/p>\n<figure><img loading=\"lazy\" decoding=\"async\" width=\"151\" height=\"151\" src=\"http:\/\/wpbilingual-staging.whc.ca\/wp-content\/uploads\/2018\/07\/icon-G_S.4.png\" alt=\"\" srcset=\"http:\/\/wpbilingual-staging.whc.ca\/wp-content\/uploads\/2018\/07\/icon-G_S.4.png 151w, http:\/\/wpbilingual-staging.whc.ca\/wp-content\/uploads\/2018\/07\/icon-G_S.4-150x150.png 150w\" sizes=\"auto, (max-width: 151px) 100vw, 151px\" \/><\/figure>\n<h2>R\u00e9diger un article sur un produit ou un service<\/h2>\n<p>Le titre (directement ci-dessus) est un simple &#8220;ce qu&#8217;est le produit\/service&#8221;. Cette sous-section devrait contenir une br\u00e8ve description et vous pouvez entrer dans les d\u00e9tails dans la section ci-dessous. Vous pouvez \u00e9galement cr\u00e9er des liens menant \u00e0 des pages pour encore plus d&#8217;informations sur un produit\/service\/sujet!<\/p>\n<figure><img loading=\"lazy\" decoding=\"async\" width=\"151\" height=\"151\" src=\"http:\/\/wpbilingual-staging.whc.ca\/wp-content\/uploads\/2018\/07\/icon-G_S.3.png\" alt=\"\" srcset=\"http:\/\/wpbilingual-staging.whc.ca\/wp-content\/uploads\/2018\/07\/icon-G_S.3.png 151w, http:\/\/wpbilingual-staging.whc.ca\/wp-content\/uploads\/2018\/07\/icon-G_S.3-150x150.png 150w\" sizes=\"auto, (max-width: 151px) 100vw, 151px\" \/><\/figure>\n<h2>N&#8217;oubliez pas votre marque!<\/h2>\n<p>Lorsque vous r\u00e9digez une description, essayez de lui donner une touche personnelle. Il n&#8217;est pas n\u00e9cessaire que ce soit beaucoup, juste un petit quelque chose pour aider votre marque \u00e0 se d\u00e9marquer. Ex:&#8217;Escarpins rouges \u00e0 talon&#8217; est bon, mais &#8221; Escarpins rouges \u00e0 talon: le style classique n\u00e9cessaire pour cette soir\u00e9e de travail formelle et le confort n\u00e9cessaire pour que vous puissiez danser sur la piste de danse &#8221; rend le produit beaucoup plus excitant. Est-ce que ce bloc de texte semble long? OUI! Essayez donc de garder cinq lignes ou moins!<\/p>\n<p>\t\t\t\t\t\t\t\t\t\t<img loading=\"lazy\" decoding=\"async\" width=\"300\" height=\"223\" src=\"http:\/\/wpbilingual-staging.whc.ca\/wp-content\/uploads\/2018\/07\/img2-1-300x223.png\" alt=\"\" srcset=\"http:\/\/wpbilingual-staging.whc.ca\/wp-content\/uploads\/2018\/07\/img2-1-300x223.png 300w, http:\/\/wpbilingual-staging.whc.ca\/wp-content\/uploads\/2018\/07\/img2-1-768x571.png 768w, http:\/\/wpbilingual-staging.whc.ca\/wp-content\/uploads\/2018\/07\/img2-1.png 1019w\" sizes=\"auto, (max-width: 300px) 100vw, 300px\" \/>\t\t\t\t\t\t\t\t\t\t\t<\/p>\n<h2>En savoir plus sur ce produit!<\/h2>\n<p>Maintenant, il est temps d&#8217;entrer dans les d\u00e9tails de vos produits ! Le titre ci-dessus doit \u00eatre identique ou tr\u00e8s similaire au titre de la premi\u00e8re partie de la page des services, afin que les visiteurs sachent o\u00f9 chercher.<\/p>\n<p>La description doit se concentrer sur cinq points principaux lors de la description d&#8217;un produit:<\/p>\n<ol>\n<li><b>Les principaux arguments de vente\u00a0<\/b>&#8211; Pourquoi une personne voudrait-elle cela? Parce que c&#8217;est un excellent produit ! Mais pourquoi c&#8217;est g\u00e9nial?<\/li>\n<li><b style=\"font-size: 16px;\">Extras\u00a0<\/b>&#8211; Y a-t-il des caract\u00e9ristiques particuli\u00e8res qui ne sont pas \u00e9videntes? Un ou deux points de vente suppl\u00e9mentaires peuvent faire la diff\u00e9rence.<\/li>\n<li><b style=\"font-size: 16px;\">D\u00e9tails techniques de base\u00a0<\/b>&#8211; Donnez-leur plus de d\u00e9tails techniques pour qu&#8217;ils savoir exactement ce qu&#8217;ils obtiendront. Mais juste assez pour satisfaire la curiosit\u00e9.<\/li>\n<li><b style=\"font-size: 16px;\">Prix\u00a0<\/b>&#8211; M\u00eame s&#8217;il y a une fourchette de prix, dites-leur ce que c&#8217;est<\/li>\n<li>\n<p data-mce-fragment=\"1\"><b style=\"font-size: 16px;\">Terminez par un puissant appel \u00e0 l&#8217;action\u00a0<\/b>&#8211;\u00a0Une derni\u00e8re impulsion pour inciter un visiteur \u00e0 passer \u00e0 l&#8217;action.<\/p>\n<\/li>\n<\/ol>\n<h2>En savoir plus sur ce service!<\/h2>\n<p>Maintenant, il est temps d&#8217;entrer dans les d\u00e9tails de votre service ! Le titre ci-dessus doit \u00eatre identique ou tr\u00e8s similaire au titre de la premi\u00e8re partie de la page des services, afin que les visiteurs sachent o\u00f9 chercher.<\/p>\n<p>Vous serez peut-\u00eatre tent\u00e9 d&#8217;entrer dans les d\u00e9tails, mais pas trop quand m\u00eame. La plupart des gens veulent seulement conna\u00eetre les bases. L&#8217;accent devrait \u00eatre mis sur ce que vous apportez au service et pourquoi vous \u00eates un excellent choix.<\/p>\n<p>Si vous ne savez pas par o\u00f9 commencer, essayez l&#8217;approche de la p\u00eache \u00e0 la ligne pour qu&#8217;il morde \u00e0 l&#8217;hame\u00e7on.<\/p>\n<p>Crochet: Quel est le probl\u00e8me auquel sont confront\u00e9s les visiteurs?<\/p>\n<p>Ligne: Comment le service r\u00e9sout ce probl\u00e8me?<\/p>\n<p>Plomb: Pourquoi votre entreprise est-elle un choix sup\u00e9rieur pour ce service?<\/p>\n<p>Terminez par un <strong>appel \u00e0 l&#8217;action<\/strong> pour motiver les visiteurs \u00e0 vous contacter.<\/p>\n<p>\t\t\t\t\t\t\t\t\t\t<img decoding=\"async\" src=\"http:\/\/wpbilingual-staging.whc.ca\/wp-content\/uploads\/2018\/07\/img1-1.png\" title=\"img1-1.png\" alt=\"img1-1.png\" \/><br \/>\n\t\t\t\t\t\t\t\t\t\t<img loading=\"lazy\" decoding=\"async\" width=\"300\" height=\"223\" src=\"http:\/\/wpbilingual-staging.whc.ca\/wp-content\/uploads\/2018\/07\/img2-1-300x223.png\" alt=\"\" srcset=\"http:\/\/wpbilingual-staging.whc.ca\/wp-content\/uploads\/2018\/07\/img2-1-300x223.png 300w, http:\/\/wpbilingual-staging.whc.ca\/wp-content\/uploads\/2018\/07\/img2-1-768x571.png 768w, http:\/\/wpbilingual-staging.whc.ca\/wp-content\/uploads\/2018\/07\/img2-1.png 1019w\" sizes=\"auto, (max-width: 300px) 100vw, 300px\" \/>\t\t\t\t\t\t\t\t\t\t\t<\/p>\n<h2>Ajoutez d&#8217;autres produits\/services<\/h2>\n<p>\t\tC&#8217;est relativement simple avec Elementor !<br \/>\nA) Cliquez avec le bouton droit de la souris sur la section que vous souhaitez <strong>dupliquer<\/strong> et s\u00e9lectionnez dupliquer. Bam ! Voil\u00e0 votre nouvelle section.<br \/>\nMais ce n&#8217;est pas au bon endroit? Pas de probl\u00e8me.<br \/>\nB) Cliquez avec le bouton droit de la souris sur la section que vous souhaitez dupliquer et cliquez sur <strong>copier<\/strong>. Allez sur un support de widget (comme celui qui dit &#8221;&nbsp;Glisser le widget ici&nbsp;&#8220;), cliquez avec le bouton droit de la souris et s\u00e9lectionnez coller.<br \/>\nVous pouvez \u00e9galement ajouter un nouveau support de widget en cliquant sur le bouton &#8221;&nbsp;+&nbsp;&#8221; en haut d&#8217;une section dans la petite bo\u00eete bleue.<br \/>\nVous ne voyez pas un support de widget ou le &#8221;&nbsp;+&nbsp;&#8221; dans une petite bo\u00eete bleue? Alors vous n&#8217;\u00eates probablement pas dans Elementor. S\u00e9lectionnez &#8221;&nbsp;\u00c9diter with Elementor&nbsp;&#8221; en haut de la page que vous souhaitez modifier.<\/p>","protected":false},"excerpt":{"rendered":"<p>Services Produits et services compl\u00e9mentaires ou distincts Si vous n&#8217;avez que quelques produits ou services, alors cette page peut \u00eatre tout ce dont vous avez besoin. Cependant, si vous avez plusieurs services, alors cette premi\u00e8re page de services pourrait \u00eatre mieux utilis\u00e9e pour commencer \u00e0 cat\u00e9goriser les services ou les produits. R\u00e9diger un article sur [&hellip;]<\/p>\n","protected":false},"author":1,"featured_media":0,"parent":0,"menu_order":0,"comment_status":"closed","ping_status":"closed","template":"","meta":{"footnotes":""},"class_list":["post-306","page","type-page","status-publish","hentry"],"_links":{"self":[{"href":"https:\/\/bilel2.dev.mywhc.ca\/fr\/wp-json\/wp\/v2\/pages\/306","targetHints":{"allow":["GET"]}}],"collection":[{"href":"https:\/\/bilel2.dev.mywhc.ca\/fr\/wp-json\/wp\/v2\/pages"}],"about":[{"href":"https:\/\/bilel2.dev.mywhc.ca\/fr\/wp-json\/wp\/v2\/types\/page"}],"author":[{"embeddable":true,"href":"https:\/\/bilel2.dev.mywhc.ca\/fr\/wp-json\/wp\/v2\/users\/1"}],"replies":[{"embeddable":true,"href":"https:\/\/bilel2.dev.mywhc.ca\/fr\/wp-json\/wp\/v2\/comments?post=306"}],"version-history":[{"count":7,"href":"https:\/\/bilel2.dev.mywhc.ca\/fr\/wp-json\/wp\/v2\/pages\/306\/revisions"}],"predecessor-version":[{"id":329,"href":"https:\/\/bilel2.dev.mywhc.ca\/fr\/wp-json\/wp\/v2\/pages\/306\/revisions\/329"}],"wp:attachment":[{"href":"https:\/\/bilel2.dev.mywhc.ca\/fr\/wp-json\/wp\/v2\/media?parent=306"}],"curies":[{"name":"wp","href":"https:\/\/api.w.org\/{rel}","templated":true}]}}